{"id":80,"date":"2022-04-10T12:58:37","date_gmt":"2022-04-10T12:58:37","guid":{"rendered":"https:\/\/home-dot-stellar-spark-275013.oa.r.appspot.com\/?page_id=80"},"modified":"2026-01-25T09:37:14","modified_gmt":"2026-01-25T09:37:14","slug":"mitgliedschaft","status":"publish","type":"page","link":"https:\/\/tcrww.club\/index.php\/mitgliedschaft\/","title":{"rendered":"Mitgliedschaft"},"content":{"rendered":"\n<div class=\"wp-block-columns is-layout-flex wp-container-core-columns-is-layout-1 wp-block-columns-is-layout-flex\">\n<div class=\"wp-block-column is-layout-flow wp-block-column-is-layout-flow\">\n<p class=\"has-text-align-left has-medium-font-size\"><strong>Zum Aufnahmeantrag geht es hier:<\/strong><\/p>\n<\/div>\n\n\n\n<div class=\"wp-block-column is-vertically-aligned-center is-layout-flow wp-block-column-is-layout-flow\">\n<div class=\"wp-block-file\"><a id=\"wp-block-file--media-bbb5e213-8bc5-4450-833b-3d4338e84c87\" href=\"https:\/\/storage.googleapis.com\/tcrww-wordpress-filestore\/1\/2025\/04\/863ace51-aufnahmeantrag_rww-16.doc\">Aufnahmeantrag<\/a><a href=\"https:\/\/storage.googleapis.com\/tcrww-wordpress-filestore\/1\/2025\/04\/863ace51-aufnahmeantrag_rww-16.doc\" class=\"wp-block-file__button wp-element-button\" download aria-describedby=\"wp-block-file--media-bbb5e213-8bc5-4450-833b-3d4338e84c87\">Download<\/a><\/div>\n<\/div>\n<\/div>\n\n\n\n<h1 class=\"wp-block-heading has-text-align-left\">Beitr\u00e4ge<\/h1>\n\n\n\n<figure class=\"wp-block-table\"><table><tbody><tr><td>Familienbeitrag ( Eltern u. minderj\u00e4hrige Kinder )<\/td><td>590,-\u20ac<\/td><\/tr><tr><td>Ehe-\/Paare<\/td><td>480,-\u20ac<\/td><\/tr><tr><td>Einzel<\/td><td>280,-\u20ac<\/td><\/tr><tr><td>in Ausbildung<\/td><td>140,-\u20ac<\/td><\/tr><tr><td>Jugendliche<\/td><td>85,-\u20ac<\/td><\/tr><tr><td>passive Mitglieder<\/td><td>45,-\u20ac<\/td><\/tr><tr><td>Ausw\u00e4rtige<\/td><td>77,-\u20ac<\/td><\/tr><tr><td>Teilnahme am Jugendtraining (Freiluftsaison)<\/td><td>160,-\u20ac<\/td><\/tr><\/tbody><\/table><\/figure>\n\n\n\n<h2 class=\"wp-block-heading\">Schnuppermitgliedschaft<\/h2>\n\n\n\n<div class=\"wp-block-columns is-layout-flex wp-container-core-columns-is-layout-2 wp-block-columns-is-layout-flex\">\n<div class=\"wp-block-column is-layout-flow wp-block-column-is-layout-flow\">\n<p>Es besteht auch die M\u00f6glichkeit einer Schnuppermitgliedschaft.&nbsp;<\/p>\n\n\n\n<p>Erwachsene: Schnuppervertrag f\u00fcr die Saison 2026:&nbsp;<\/p>\n\n\n\n<p>Beitrag 150 EURO&nbsp;&nbsp;<\/p>\n<\/div>\n\n\n\n<div class=\"wp-block-column is-layout-flow wp-block-column-is-layout-flow\">\n<div class=\"wp-block-file\"><a id=\"wp-block-file--media-926197f8-82b5-43f9-8fdd-90858130cd87\" href=\"https:\/\/storage.googleapis.com\/tcrww-wordpress-filestore\/1\/2026\/01\/cf0bb071-schnuppermitglied-erwachsene-2026.pdf\">Zum Antrag Schnuppermitgliedschaft 2026 Erwachsene<\/a><a href=\"https:\/\/storage.googleapis.com\/tcrww-wordpress-filestore\/1\/2026\/01\/cf0bb071-schnuppermitglied-erwachsene-2026.pdf\" class=\"wp-block-file__button wp-element-button\" download aria-describedby=\"wp-block-file--media-926197f8-82b5-43f9-8fdd-90858130cd87\">Download<\/a><\/div>\n<\/div>\n<\/div>\n\n\n\n<div class=\"wp-block-columns is-layout-flex wp-container-core-columns-is-layout-3 wp-block-columns-is-layout-flex\">\n<div class=\"wp-block-column is-layout-flow wp-block-column-is-layout-flow\">\n<p>Jugend: Schnuppervertrag f\u00fcr die Saison 2026:&nbsp;<\/p>\n\n\n\n<p>Beitrag 40 EURO pro Monat<\/p>\n<\/div>\n\n\n\n<div class=\"wp-block-column is-layout-flow wp-block-column-is-layout-flow\">\n<div class=\"wp-block-file\"><a id=\"wp-block-file--media-4fea151b-7cd7-42e5-a9bf-7c4e86cd29df\" href=\"https:\/\/storage.googleapis.com\/tcrww-wordpress-filestore\/1\/2026\/01\/2bce1ec8-schnuppermitglied-jugend-2026.pdf\">Zum Antrag Schnuppermitgliedschaft 2026 Jugend<\/a><a href=\"https:\/\/storage.googleapis.com\/tcrww-wordpress-filestore\/1\/2026\/01\/2bce1ec8-schnuppermitglied-jugend-2026.pdf\" class=\"wp-block-file__button wp-element-button\" download aria-describedby=\"wp-block-file--media-4fea151b-7cd7-42e5-a9bf-7c4e86cd29df\">Download<\/a><\/div>\n<\/div>\n<\/div>\n\n\n\n<p><\/p>\n","protected":false},"excerpt":{"rendered":"<p>Zum Aufnahmeantrag geht es hier: Beitr\u00e4ge Familienbeitrag ( Eltern u. minderj\u00e4hrige Kinder ) 590,-\u20ac Ehe-\/Paare 480,-\u20ac Einzel 280,-\u20ac in Ausbildung 140,-\u20ac Jugendliche 85,-\u20ac passive Mitglieder 45,-\u20ac Ausw\u00e4rtige 77,-\u20ac Teilnahme am Jugendtraining (Freiluftsaison) 160,-\u20ac Schnuppermitgliedschaft Es besteht auch die M\u00f6glichkeit einer Schnuppermitgliedschaft.&nbsp; Erwachsene: Schnuppervertrag f\u00fcr die Saison 2026:&nbsp; Beitrag 150 EURO&nbsp;&nbsp; Jugend: Schnuppervertrag f\u00fcr die Saison&hellip;&nbsp;<a href=\"https:\/\/tcrww.club\/index.php\/mitgliedschaft\/\" rel=\"bookmark\">Read More &raquo;<span class=\"screen-reader-text\">Mitgliedschaft<\/span><\/a><\/p>\n","protected":false},"author":1,"featured_media":0,"parent":0,"menu_order":0,"comment_status":"closed","ping_status":"closed","template":"","meta":{"neve_meta_sidebar":"","neve_meta_container":"","neve_meta_enable_content_width":"","neve_meta_content_width":0,"neve_meta_title_alignment":"","neve_meta_author_avatar":"","neve_post_elements_order":"","neve_meta_disable_header":"","neve_meta_disable_footer":"","neve_meta_disable_title":"","footnotes":""},"class_list":["post-80","page","type-page","status-publish","hentry"],"_links":{"self":[{"href":"https:\/\/tcrww.club\/index.php\/wp-json\/wp\/v2\/pages\/80","targetHints":{"allow":["GET"]}}],"collection":[{"href":"https:\/\/tcrww.club\/index.php\/wp-json\/wp\/v2\/pages"}],"about":[{"href":"https:\/\/tcrww.club\/index.php\/wp-json\/wp\/v2\/types\/page"}],"author":[{"embeddable":true,"href":"https:\/\/tcrww.club\/index.php\/wp-json\/wp\/v2\/users\/1"}],"replies":[{"embeddable":true,"href":"https:\/\/tcrww.club\/index.php\/wp-json\/wp\/v2\/comments?post=80"}],"version-history":[{"count":17,"href":"https:\/\/tcrww.club\/index.php\/wp-json\/wp\/v2\/pages\/80\/revisions"}],"predecessor-version":[{"id":620,"href":"https:\/\/tcrww.club\/index.php\/wp-json\/wp\/v2\/pages\/80\/revisions\/620"}],"wp:attachment":[{"href":"https:\/\/tcrww.club\/index.php\/wp-json\/wp\/v2\/media?parent=80"}],"curies":[{"name":"wp","href":"https:\/\/api.w.org\/{rel}","templated":true}]}}