{"id":78,"date":"2022-04-10T12:51:57","date_gmt":"2022-04-10T12:51:57","guid":{"rendered":"https:\/\/home-dot-stellar-spark-275013.oa.r.appspot.com\/?page_id=78"},"modified":"2022-05-14T13:42:01","modified_gmt":"2022-05-14T13:42:01","slug":"platzordnung","status":"publish","type":"page","link":"https:\/\/tcrww.club\/index.php\/platzordnung\/","title":{"rendered":"Platzordnung"},"content":{"rendered":"\n<p><strong>PLATZORDNUNG (g\u00fcltig ab dem &#8230;)<\/strong><\/p>\n\n\n\n<p>1. G\u00e4ste sind nur mit einem Mitglied spielberechtigt. Ein Eintrag im G\u00e4stebuch und eine Buchung im Buchungsportal (siehe Homepage) ist erforderlich. Bitte auch die aktuellen Hinweise zu den Geb\u00fchren beachten. Mitglieder sind vorranging spielberechtigt, insbesondere montags bis freitags, 16:00 Uhr bis 19:00 Uhr bzw. w\u00e4hrend der Medenspielzeit.<\/p>\n\n\n\n<p>2. Der Vorstand wird bei Missachtung dieser Regeln konsequent durchgreifen; um Sanktionierungen zu vermeiden bitten wir euch diese Hinweise im Sinne aller Mitglieder strikt einzuhalten.<\/p>\n\n\n\n<p><br><\/p>\n","protected":false},"excerpt":{"rendered":"<p>PLATZORDNUNG (g\u00fcltig ab dem &#8230;) 1. G\u00e4ste sind nur mit einem Mitglied spielberechtigt. Ein Eintrag im G\u00e4stebuch und eine Buchung im Buchungsportal (siehe Homepage) ist erforderlich. Bitte auch die aktuellen Hinweise zu den Geb\u00fchren beachten. Mitglieder sind vorranging spielberechtigt, insbesondere montags bis freitags, 16:00 Uhr bis 19:00 Uhr bzw. w\u00e4hrend der Medenspielzeit. 2. Der Vorstand&hellip;&nbsp;<a href=\"https:\/\/tcrww.club\/index.php\/platzordnung\/\" rel=\"bookmark\">Read More &raquo;<span class=\"screen-reader-text\">Platzordnung<\/span><\/a><\/p>\n","protected":false},"author":1,"featured_media":0,"parent":0,"menu_order":0,"comment_status":"closed","ping_status":"closed","template":"","meta":{"neve_meta_sidebar":"","neve_meta_container":"","neve_meta_enable_content_width":"","neve_meta_content_width":0,"neve_meta_title_alignment":"","neve_meta_author_avatar":"","neve_post_elements_order":"","neve_meta_disable_header":"","neve_meta_disable_footer":"","neve_meta_disable_title":"","footnotes":""},"class_list":["post-78","page","type-page","status-publish","hentry"],"_links":{"self":[{"href":"https:\/\/tcrww.club\/index.php\/wp-json\/wp\/v2\/pages\/78","targetHints":{"allow":["GET"]}}],"collection":[{"href":"https:\/\/tcrww.club\/index.php\/wp-json\/wp\/v2\/pages"}],"about":[{"href":"https:\/\/tcrww.club\/index.php\/wp-json\/wp\/v2\/types\/page"}],"author":[{"embeddable":true,"href":"https:\/\/tcrww.club\/index.php\/wp-json\/wp\/v2\/users\/1"}],"replies":[{"embeddable":true,"href":"https:\/\/tcrww.club\/index.php\/wp-json\/wp\/v2\/comments?post=78"}],"version-history":[{"count":2,"href":"https:\/\/tcrww.club\/index.php\/wp-json\/wp\/v2\/pages\/78\/revisions"}],"predecessor-version":[{"id":110,"href":"https:\/\/tcrww.club\/index.php\/wp-json\/wp\/v2\/pages\/78\/revisions\/110"}],"wp:attachment":[{"href":"https:\/\/tcrww.club\/index.php\/wp-json\/wp\/v2\/media?parent=78"}],"curies":[{"name":"wp","href":"https:\/\/api.w.org\/{rel}","templated":true}]}}