{"id":475,"date":"2024-07-12T09:02:32","date_gmt":"2024-07-12T09:02:32","guid":{"rendered":"https:\/\/home-dot-stellar-spark-275013.oa.r.appspot.com\/?page_id=475"},"modified":"2026-03-13T11:41:59","modified_gmt":"2026-03-13T11:41:59","slug":"pizzeria-restaurant-pepe-nero","status":"publish","type":"page","link":"https:\/\/tcrww.club\/index.php\/pizzeria-restaurant-pepe-nero\/","title":{"rendered":"Pizzeria Restaurant PEPE NERO"},"content":{"rendered":"<div class=\"wp-block-image\">\n<figure class=\"alignright size-full is-resized\"><img loading=\"lazy\" decoding=\"async\" width=\"503\" height=\"501\" src=\"https:\/\/storage.googleapis.com\/tcrww-wordpress-filestore\/1\/2024\/07\/316afd52-logopepenero.jpg\" alt=\"\" class=\"wp-image-491\" style=\"width:349px;height:auto\" srcset=\"https:\/\/storage.googleapis.com\/tcrww-wordpress-filestore\/1\/2024\/07\/316afd52-logopepenero.jpg 503w, https:\/\/storage.googleapis.com\/tcrww-wordpress-filestore\/1\/2024\/07\/316afd52-logopepenero-300x300.jpg 300w, https:\/\/storage.googleapis.com\/tcrww-wordpress-filestore\/1\/2024\/07\/316afd52-logopepenero-150x150.jpg 150w\" sizes=\"auto, (max-width: 503px) 100vw, 503px\" \/><\/figure><\/div>\n\n<div class=\"wp-block-image\">\n<figure class=\"alignright size-full is-resized\"><img loading=\"lazy\" decoding=\"async\" width=\"640\" height=\"791\" src=\"https:\/\/storage.googleapis.com\/tcrww-wordpress-filestore\/1\/2026\/03\/20c4fd21-unbenannt.jpg\" alt=\"\" class=\"wp-image-751\" style=\"width:283px;height:auto\" srcset=\"https:\/\/storage.googleapis.com\/tcrww-wordpress-filestore\/1\/2026\/03\/20c4fd21-unbenannt.jpg 640w, https:\/\/storage.googleapis.com\/tcrww-wordpress-filestore\/1\/2026\/03\/20c4fd21-unbenannt-243x300.jpg 243w\" sizes=\"auto, (max-width: 640px) 100vw, 640px\" \/><\/figure><\/div>\n\n\n<p>Aktuelle \u00d6ffnungszeiten Gastronomie: <\/p>\n\n\n\n<p>Mo &#8211; Sa: 16:30 Uhr &#8211; 21:30 Uhr<br>Di: Ruhetag<br>So &amp; Feiertage: 11:30 Uhr &#8211; 21:30 Uhr<\/p>\n\n\n\n<p>Jetzt auch bequem von zu Hause bestellen und liefern lassen \u00fcber: <\/p>\n\n\n\n<div class=\"wp-block-buttons is-layout-flex wp-block-buttons-is-layout-flex\">\n<div class=\"wp-block-button\"><a class=\"wp-block-button__link has-nv-dark-bg-background-color has-text-color has-background has-link-color wp-element-button\" href=\"https:\/\/www.lieferando.de\/speisekarte\/pepe-nero-pizzeria-restaurant?_gl=1*jdjuf*_up*MQ..*_gs*MQ..&amp;gclid=EAIaIQobChMI3rD57IzDkgMVvphQBh2BiSRKEAAYASAAEgI8W_D_BwE\" style=\"color:#fe9d00\">Lieferando<\/a><\/div>\n<\/div>\n\n\n\n<p class=\"has-neve-link-hover-color-color has-text-color has-link-color wp-elements-2afe6db43d2f479939f61182e0c3d341\"><\/p>\n\n\n\n<p>Genie\u00dfen Sie italienische und deutsche Spezialit\u00e4ten in unserer Vereinsgastst\u00e4tte!<\/p>\n\n\n\n<p>Maria und Giuseppe De Marco freuen sich auf Ihren Besuch. Sie erreichen uns unter der Telefonnummer 0621\/853858<\/p>\n\n\n\n<figure class=\"wp-block-gallery has-nested-images columns-default is-cropped wp-block-gallery-1 is-layout-flex wp-block-gallery-is-layout-flex\">\n<figure class=\"wp-block-image size-large\"><img loading=\"lazy\" decoding=\"async\" width=\"768\" height=\"1024\" data-id=\"482\" src=\"https:\/\/storage.googleapis.com\/tcrww-wordpress-filestore\/1\/2024\/07\/c5b0953b-whatsapp-image-2024-07-12-at-10.44.05-3-768x1024.jpeg\" alt=\"\" class=\"wp-image-482\" srcset=\"https:\/\/storage.googleapis.com\/tcrww-wordpress-filestore\/1\/2024\/07\/c5b0953b-whatsapp-image-2024-07-12-at-10.44.05-3-768x1024.jpeg 768w, https:\/\/storage.googleapis.com\/tcrww-wordpress-filestore\/1\/2024\/07\/c5b0953b-whatsapp-image-2024-07-12-at-10.44.05-3-225x300.jpeg 225w, https:\/\/storage.googleapis.com\/tcrww-wordpress-filestore\/1\/2024\/07\/c5b0953b-whatsapp-image-2024-07-12-at-10.44.05-3-1152x1536.jpeg 1152w, https:\/\/storage.googleapis.com\/tcrww-wordpress-filestore\/1\/2024\/07\/c5b0953b-whatsapp-image-2024-07-12-at-10.44.05-3.jpeg 1200w\" sizes=\"auto, (max-width: 768px) 100vw, 768px\" \/><\/figure>\n\n\n\n<figure class=\"wp-block-image size-large\"><img loading=\"lazy\" decoding=\"async\" width=\"720\" height=\"960\" data-id=\"478\" src=\"https:\/\/storage.googleapis.com\/tcrww-wordpress-filestore\/1\/2024\/07\/26c293b8-whatsapp-image-2024-07-12-at-10.44.05-2.jpeg\" alt=\"\" class=\"wp-image-478\" srcset=\"https:\/\/storage.googleapis.com\/tcrww-wordpress-filestore\/1\/2024\/07\/26c293b8-whatsapp-image-2024-07-12-at-10.44.05-2.jpeg 720w, https:\/\/storage.googleapis.com\/tcrww-wordpress-filestore\/1\/2024\/07\/26c293b8-whatsapp-image-2024-07-12-at-10.44.05-2-225x300.jpeg 225w\" sizes=\"auto, (max-width: 720px) 100vw, 720px\" \/><\/figure>\n\n\n\n<figure class=\"wp-block-image size-large\"><img loading=\"lazy\" decoding=\"async\" width=\"720\" height=\"960\" data-id=\"479\" src=\"https:\/\/storage.googleapis.com\/tcrww-wordpress-filestore\/1\/2024\/07\/26c293b8-whatsapp-image-2024-07-12-at-10.44.05-1.jpeg\" alt=\"\" class=\"wp-image-479\" srcset=\"https:\/\/storage.googleapis.com\/tcrww-wordpress-filestore\/1\/2024\/07\/26c293b8-whatsapp-image-2024-07-12-at-10.44.05-1.jpeg 720w, https:\/\/storage.googleapis.com\/tcrww-wordpress-filestore\/1\/2024\/07\/26c293b8-whatsapp-image-2024-07-12-at-10.44.05-1-225x300.jpeg 225w\" sizes=\"auto, (max-width: 720px) 100vw, 720px\" \/><\/figure>\n\n\n\n<figure class=\"wp-block-image size-large\"><img loading=\"lazy\" decoding=\"async\" width=\"720\" height=\"960\" data-id=\"480\" src=\"https:\/\/storage.googleapis.com\/tcrww-wordpress-filestore\/1\/2024\/07\/b0b2ce95-whatsapp-image-2024-07-12-at-10.44.05.jpeg\" alt=\"\" class=\"wp-image-480\" srcset=\"https:\/\/storage.googleapis.com\/tcrww-wordpress-filestore\/1\/2024\/07\/b0b2ce95-whatsapp-image-2024-07-12-at-10.44.05.jpeg 720w, https:\/\/storage.googleapis.com\/tcrww-wordpress-filestore\/1\/2024\/07\/b0b2ce95-whatsapp-image-2024-07-12-at-10.44.05-225x300.jpeg 225w\" sizes=\"auto, (max-width: 720px) 100vw, 720px\" \/><\/figure>\n\n\n\n<figure class=\"wp-block-image size-large is-style-default\"><img loading=\"lazy\" decoding=\"async\" width=\"960\" height=\"720\" data-id=\"481\" src=\"https:\/\/storage.googleapis.com\/tcrww-wordpress-filestore\/1\/2024\/07\/c5b0953b-whatsapp-image-2024-07-12-at-10.44.04.jpeg\" alt=\"\" class=\"wp-image-481\" srcset=\"https:\/\/storage.googleapis.com\/tcrww-wordpress-filestore\/1\/2024\/07\/c5b0953b-whatsapp-image-2024-07-12-at-10.44.04.jpeg 960w, https:\/\/storage.googleapis.com\/tcrww-wordpress-filestore\/1\/2024\/07\/c5b0953b-whatsapp-image-2024-07-12-at-10.44.04-300x225.jpeg 300w, https:\/\/storage.googleapis.com\/tcrww-wordpress-filestore\/1\/2024\/07\/c5b0953b-whatsapp-image-2024-07-12-at-10.44.04-768x576.jpeg 768w\" sizes=\"auto, (max-width: 960px) 100vw, 960px\" \/><\/figure>\n<\/figure>\n","protected":false},"excerpt":{"rendered":"<p>Aktuelle \u00d6ffnungszeiten Gastronomie: Mo &#8211; Sa: 16:30 Uhr &#8211; 21:30 UhrDi: RuhetagSo &amp; Feiertage: 11:30 Uhr &#8211; 21:30 Uhr Jetzt auch bequem von zu Hause bestellen und liefern lassen \u00fcber: Genie\u00dfen Sie italienische und deutsche Spezialit\u00e4ten in unserer Vereinsgastst\u00e4tte! Maria und Giuseppe De Marco freuen sich auf Ihren Besuch. Sie erreichen uns unter der Telefonnummer&hellip;&nbsp;<a href=\"https:\/\/tcrww.club\/index.php\/pizzeria-restaurant-pepe-nero\/\" rel=\"bookmark\">Read More &raquo;<span class=\"screen-reader-text\">Pizzeria Restaurant PEPE NERO<\/span><\/a><\/p>\n","protected":false},"author":4,"featured_media":0,"parent":0,"menu_order":0,"comment_status":"closed","ping_status":"closed","template":"","meta":{"neve_meta_sidebar":"","neve_meta_container":"","neve_meta_enable_content_width":"","neve_meta_content_width":0,"neve_meta_title_alignment":"","neve_meta_author_avatar":"","neve_post_elements_order":"","neve_meta_disable_header":"","neve_meta_disable_footer":"","neve_meta_disable_title":"","footnotes":""},"class_list":["post-475","page","type-page","status-publish","hentry"],"_links":{"self":[{"href":"https:\/\/tcrww.club\/index.php\/wp-json\/wp\/v2\/pages\/475","targetHints":{"allow":["GET"]}}],"collection":[{"href":"https:\/\/tcrww.club\/index.php\/wp-json\/wp\/v2\/pages"}],"about":[{"href":"https:\/\/tcrww.club\/index.php\/wp-json\/wp\/v2\/types\/page"}],"author":[{"embeddable":true,"href":"https:\/\/tcrww.club\/index.php\/wp-json\/wp\/v2\/users\/4"}],"replies":[{"embeddable":true,"href":"https:\/\/tcrww.club\/index.php\/wp-json\/wp\/v2\/comments?post=475"}],"version-history":[{"count":12,"href":"https:\/\/tcrww.club\/index.php\/wp-json\/wp\/v2\/pages\/475\/revisions"}],"predecessor-version":[{"id":752,"href":"https:\/\/tcrww.club\/index.php\/wp-json\/wp\/v2\/pages\/475\/revisions\/752"}],"wp:attachment":[{"href":"https:\/\/tcrww.club\/index.php\/wp-json\/wp\/v2\/media?parent=475"}],"curies":[{"name":"wp","href":"https:\/\/api.w.org\/{rel}","templated":true}]}}