{"id":116,"date":"2023-01-03T09:33:21","date_gmt":"2023-01-03T09:33:21","guid":{"rendered":"https:\/\/home-dot-stellar-spark-275013.oa.r.appspot.com\/?page_id=116"},"modified":"2026-02-05T21:09:16","modified_gmt":"2026-02-05T21:09:16","slug":"vereinsgeschichte","status":"publish","type":"page","link":"https:\/\/tcrww.club\/index.php\/about\/vereinsgeschichte\/","title":{"rendered":"Vereinsgeschichte"},"content":{"rendered":"\n<h3 class=\"wp-block-heading\">Vom Gr\u00fcndungsjahr bis heute<\/h3>\n\n\n\n<p><strong>1949\u00a0&#8211; Gr\u00fcndung der Spielgemeinschaft Rot-Wei\u00df. Spielbetrieb auf 2 gepachteten Pl\u00e4tzen am Stadion in Neuostheim (ca. 20 Mitglieder), Beschr\u00e4nkung auf ca. 65 Mitglieder<\/strong><\/p>\n\n\n\n<p><strong>27.01.66 &#8211;\u00a053 Mitglieder, G. Oppenheimer 1. Vorsitzender, W. Hess 2. Vorsitzender,<br>Beitr\u00e4ge Einzelmitglied DM 100.-, Ehepaar DM 160.-<\/strong><\/p>\n\n\n\n<p><strong>10.03.67\u00a0&#8211; Dr. Hafner zum Ehrenmitglied ernannt<\/strong><\/p>\n\n\n\n<p><strong>07.10.67\u00a0&#8211; Schaffung der satzungsgem\u00e4\u00dfen Voraussetzungen zur Pachtung des neuen Gel\u00e4ndes im Waldpark<\/strong><\/p>\n\n\n\n<p><strong>06.12.67\u00a0&#8211; Eintrag unter Nr. 653 in das Vereinsregister als Tennisclub Rot-Wei\u00df Waldpark, damit die Voraussetzung zur \u00dcbernahme des neuen Gel\u00e4ndes und Aufnahme des Spielbetriebes 1969<\/strong><\/p>\n\n\n\n<p><strong>21.09.68\u00a0&#8211; Beschluss zum Bau von drei Pl\u00e4tzen, Clubhaus Erdgescho\u00df mit Waschanlagen und Toiletten, Umz\u00e4unung, Kostenvoranschlag 120 TDM, davon sollten 40 TDM als Eigenleistung von den Mitgliedern erbracht werden.<\/strong><\/p>\n\n\n\n<p><strong>24.05.69\u00a0&#8211; Er\u00f6ffnung der Anlage mit\u00a0provisorischen Umkleidem\u00f6glichkeiten;<br>Ende 69\u00a0&#8211; \u00a0100 Mitglieder erreicht<\/strong><\/p>\n\n\n\n<p><strong>01.07.70\u00a0&#8211; Erweiterung auf 5 Pl\u00e4tze<\/strong><\/p>\n\n\n\n<p><strong>31.10.70\u00a0&#8211; Baubeginn des ersten Clubhauses<\/strong><\/p>\n\n\n\n<p><strong>15.07.71\u00a0&#8211; Bezug 1. Clubhaus<\/strong><\/p>\n\n\n\n<p><strong>Mai 74 &#8211;\u00a0Feier des 25j\u00e4hrigen Bestehens<br>Ende 74\u00a0&#8211; sind 200 Mitglieder erreicht<\/strong><\/p>\n\n\n\n<p><strong>20.05.93\u00a0&#8211; Er\u00f6ffnung des heutigen Clubhauses<br>Heute:\u00a08 Pl\u00e4tze, ca. 360 Mitglieder<\/strong><\/p>\n\n\n\n<p><strong>1999 &#8211;\u00a050 Jahre Tennisclub Rot-Wei\u00df Waldpark mit Feier im Jahr 2000<\/strong><\/p>\n\n\n\n<p><strong>2000 &#8211; Aufstieg der Damen 40 in die h\u00f6chste deutsche Spielklasse (Regionalliga)<\/strong><\/p>\n\n\n\n<p><strong>2001 &#8211; Dr. P.Weirich scheidet aus dem Vorstand aus.<br>              Die Bewirtung durch Familie P. Riccio endet.<\/strong><\/p>\n\n\n\n<p><strong>2004 &#8211; Wolf-Dieter Hees verstarb m 5.01.2004<br>Er hat unseren Tennisclub mehr als 20 Jahre als Schatzmeister ma\u00dfgeblich mitgestaltet.<\/strong><\/p>\n\n\n\n<p><strong>2004 &#8211; Aufstieg der Damen 40 in die h\u00f6chste deutsche Spielklasse (Regionalliga)<\/strong><\/p>\n\n\n\n<p><strong>2004 &#8211;\u00a0Am 02.12.2004 verstarb unser langj\u00e4hriger Vereinspr\u00e4sident Dr. Burkart Lauterbach<\/strong><\/p>\n\n\n\n<p><strong>2004 &#8211; wurde erstmals eine Frau als 1. Vorsitzende in den Vorstand gew\u00e4hlt:\u00a0Gaby \u00a0Armbruster-Stern<\/strong><\/p>\n\n\n\n<p><strong>2008 &#8211; Aufstieg der Damen 30 in die 1. Regionalliga<\/strong><\/p>\n\n\n\n<p><strong>2012 &#8211; Die Herren 70 schlie\u00dfen die Badenligasaison als 2. ab<\/strong><\/p>\n\n\n\n<p><strong>2018 &#8211; Familie Caschetto geht nach 16 Jahren Gastronomiebetrieb in den Ruhestand<\/strong><\/p>\n\n\n\n<p><strong>2019 &#8211; Das aufwendig sanierte Clubhaus wird er\u00f6ffnet<\/strong><\/p>\n\n\n\n<p><strong>2019 &#8211; Der Trautmann-Cup des TC RW Waldpark findet erstmals statt<\/strong><\/p>\n\n\n\n<p><strong>2024<\/strong> <strong>&#8211; 75 Jahre Tennisclub Rot Weiss Waldpark Mannheim e.V<\/strong> <strong>mit gro\u00dfen Sommerfest<\/strong><\/p>\n","protected":false},"excerpt":{"rendered":"<p>Vom Gr\u00fcndungsjahr bis heute 1949\u00a0&#8211; Gr\u00fcndung der Spielgemeinschaft Rot-Wei\u00df. Spielbetrieb auf 2 gepachteten Pl\u00e4tzen am Stadion in Neuostheim (ca. 20 Mitglieder), Beschr\u00e4nkung auf ca. 65 Mitglieder 27.01.66 &#8211;\u00a053 Mitglieder, G. Oppenheimer 1. Vorsitzender, W. Hess 2. Vorsitzender,Beitr\u00e4ge Einzelmitglied DM 100.-, Ehepaar DM 160.- 10.03.67\u00a0&#8211; Dr. Hafner zum Ehrenmitglied ernannt 07.10.67\u00a0&#8211; Schaffung der satzungsgem\u00e4\u00dfen Voraussetzungen zur&hellip;&nbsp;<a href=\"https:\/\/tcrww.club\/index.php\/about\/vereinsgeschichte\/\" rel=\"bookmark\">Read More &raquo;<span class=\"screen-reader-text\">Vereinsgeschichte<\/span><\/a><\/p>\n","protected":false},"author":4,"featured_media":0,"parent":15,"menu_order":1,"comment_status":"closed","ping_status":"closed","template":"","meta":{"neve_meta_sidebar":"","neve_meta_container":"","neve_meta_enable_content_width":"","neve_meta_content_width":0,"neve_meta_title_alignment":"","neve_meta_author_avatar":"","neve_post_elements_order":"","neve_meta_disable_header":"","neve_meta_disable_footer":"","neve_meta_disable_title":"","footnotes":""},"class_list":["post-116","page","type-page","status-publish","hentry"],"_links":{"self":[{"href":"https:\/\/tcrww.club\/index.php\/wp-json\/wp\/v2\/pages\/116","targetHints":{"allow":["GET"]}}],"collection":[{"href":"https:\/\/tcrww.club\/index.php\/wp-json\/wp\/v2\/pages"}],"about":[{"href":"https:\/\/tcrww.club\/index.php\/wp-json\/wp\/v2\/types\/page"}],"author":[{"embeddable":true,"href":"https:\/\/tcrww.club\/index.php\/wp-json\/wp\/v2\/users\/4"}],"replies":[{"embeddable":true,"href":"https:\/\/tcrww.club\/index.php\/wp-json\/wp\/v2\/comments?post=116"}],"version-history":[{"count":5,"href":"https:\/\/tcrww.club\/index.php\/wp-json\/wp\/v2\/pages\/116\/revisions"}],"predecessor-version":[{"id":644,"href":"https:\/\/tcrww.club\/index.php\/wp-json\/wp\/v2\/pages\/116\/revisions\/644"}],"up":[{"embeddable":true,"href":"https:\/\/tcrww.club\/index.php\/wp-json\/wp\/v2\/pages\/15"}],"wp:attachment":[{"href":"https:\/\/tcrww.club\/index.php\/wp-json\/wp\/v2\/media?parent=116"}],"curies":[{"name":"wp","href":"https:\/\/api.w.org\/{rel}","templated":true}]}}