{"id":113,"date":"2022-05-15T05:39:58","date_gmt":"2022-05-15T05:39:58","guid":{"rendered":"https:\/\/home-dot-stellar-spark-275013.oa.r.appspot.com\/?page_id=113"},"modified":"2026-01-25T09:28:22","modified_gmt":"2026-01-25T09:28:22","slug":"merkblatt-wichtiges-auf-einen-blick","status":"publish","type":"page","link":"https:\/\/tcrww.club\/index.php\/merkblatt-wichtiges-auf-einen-blick\/","title":{"rendered":"Merkblatt (wichtiges auf einen Blick)"},"content":{"rendered":"\n<h1 class=\"wp-block-heading has-medium-font-size\">TC ROT-WEI\u00df WALDPARK e.V. MANNHEIM<\/h1>\n\n\n\n<p><strong>Merkblatt<\/strong><\/p>\n\n\n\n<div class=\"wp-block-columns is-layout-flex wp-container-core-columns-is-layout-1 wp-block-columns-is-layout-flex\">\n<div class=\"wp-block-column is-layout-flow wp-block-column-is-layout-flow\" style=\"flex-basis:100%\">\n<ol class=\"wp-block-list\">\n<li><strong>Jahresbeitr\u00e4ge:<\/strong><\/li>\n<\/ol>\n<\/div>\n<\/div>\n\n\n\n<div class=\"wp-block-columns is-layout-flex wp-container-core-columns-is-layout-2 wp-block-columns-is-layout-flex\">\n<div class=\"wp-block-column is-layout-flow wp-block-column-is-layout-flow\" style=\"flex-basis:100%\">\n<figure class=\"wp-block-table\"><table><tbody><tr><td>Familienbeitrag ( Eltern u. minderj\u00e4hrige Kinder )<\/td><td>590,-\u20ac<\/td><\/tr><tr><td>Ehe-\/Paare<\/td><td>480,-\u20ac<\/td><\/tr><tr><td>Einzelmitgliedschaft<\/td><td>280,-\u20ac<\/td><\/tr><tr><td>in Ausbildung (bis zum 27. Lebensjahr)<\/td><td>140,-\u20ac<\/td><\/tr><tr><td>Jugendliche<\/td><td>85,-\u20ac<\/td><\/tr><tr><td>passive Mitglieder<\/td><td>45,-\u20ac<\/td><\/tr><tr><td>Ausw\u00e4rtige<\/td><td>77,-\u20ac<\/td><\/tr><tr><td>Teilnahme am Jugendtraining (Freiluftsaison)<\/td><td>160,-\u20ac<\/td><\/tr><\/tbody><\/table><\/figure>\n<\/div>\n<\/div>\n\n\n\n<ol start=\"2\" class=\"wp-block-list\">\n<li><strong>Platz- und Spielordnung<\/strong><\/li>\n<\/ol>\n\n\n\n<p>Die Platz- und Spielordnung regelt die Spielzeiten und die Benutzung der Anlage. Sie ist im Clubhaus ausgeh\u00e4ngt und auf Wunsch in Kopie erh\u00e4ltlich und\/oder \u00fcber die Homepage&nbsp;<a href=\"http:\/\/www.tcrww.de\/\">www.tcrww.de<\/a>&nbsp; einzusehen.<\/p>\n\n\n\n<ol start=\"3\" class=\"wp-block-list\">\n<li><strong>Arbeitsdienst<\/strong><\/li>\n<\/ol>\n\n\n\n<p>Jedes aktive Mitglied ab&nbsp;<strong>14 Jahren \u2013 69 Jahre<\/strong>&nbsp;kann pro Jahr&nbsp;<strong>4<\/strong><strong>&nbsp;Stunden<\/strong>&nbsp;Arbeitsdienst ableisten, bei Nichterf\u00fcllung werden mit der n\u00e4chsten Jahresrechnung&nbsp;<strong>15&nbsp;\u20ac<\/strong>&nbsp;pro Stunde berechnet. Die Zeiten f\u00fcr den Arbeitsdienst werden zur Er\u00f6ffnung und zur Schlie\u00dfung der Anlage durch Aushang und\/oder Internet bekannt gegeben.<\/p>\n\n\n\n<ol start=\"4\" class=\"wp-block-list\">\n<li><strong>G\u00e4stekarten<\/strong><\/li>\n<\/ol>\n\n\n\n<p>F\u00fcr Mitglieder besteht die M\u00f6glichkeit f\u00fcr&nbsp;<strong>10,00 \u20ac<\/strong>&nbsp;(60 Minuten &#8211; Einzel) und&nbsp;<strong>15,00 \u20ac<\/strong>&nbsp;(90 Minuten &#8211; Doppel), bzw. f\u00fcr Jugendliche unter 18 Jahren und Jugendliche in Ausbildung f\u00fcr <strong>5,00 \u20ac<\/strong> (Einzel) und <strong>8,00 \u20ac<\/strong> (Doppel),&nbsp;zu bestimmten Zeiten (siehe Platz- und Spielordnung) mit einem Gast zu spielen. Weitere Informationen \u00fcber den Ablauf liegen im Clubhaus (im G\u00e4stebuch)&nbsp;aus.<\/p>\n\n\n\n<ol start=\"5\" class=\"wp-block-list\">\n<li><strong>Verbandsspiele (Medenrunde)<\/strong><\/li>\n<\/ol>\n\n\n\n<p>Die Termine der Verbandsspiele der Clubmannschaften werden durch Aushang und\/oder im Terminkalender dieser Website&nbsp;bekannt gegeben.<\/p>\n\n\n\n<ol start=\"6\" class=\"wp-block-list\">\n<li><strong>Spenden<\/strong><\/li>\n<\/ol>\n\n\n\n<p>Wie alle Vereine ist auch der TC Rot-Wei\u00df Waldpark auf die Mithilfe der Mitglieder \u2013 u. a. auf die ehrenamtlichen T\u00e4tigkeiten \u2013 angewiesen. Dar\u00fcber hinaus ist der Verein auch f\u00fcr finanzielle Unterst\u00fctzung in Form von Spenden dankbar. Spenden sind steuerlich absetzbar.&nbsp; Bei Betr\u00e4gen bis 50,00 \u20ac reicht die Einzahlungsquittung f\u00fcr die Ber\u00fccksichtigung bei der Steuer aus. Bei h\u00f6heren Spenden erstellt der Verein eine Bescheinigung aus.<\/p>\n\n\n\n<ol start=\"7\" class=\"wp-block-list\">\n<li><strong>Ausbildungsbescheinigung<\/strong><\/li>\n<\/ol>\n\n\n\n<p>Mitglieder in Ausbildung haben diese regelm\u00e4\u00dfig durch geeignete Bescheinigungen nachzuweisen. Bei \u00c4nderungen erbittet der Vorstand rechtzeitige Information, bei versp\u00e4teter Meldung oder Nichtvorlage der Ausbildungsbescheinigung beh\u00e4lt sich der Verein vor, Nachforderungen zu stellen.<\/p>\n\n\n\n<ol start=\"8\" class=\"wp-block-list\">\n<li><strong>K\u00fcndigungen, Adressen- Status- und Konto\u00e4nderungen<\/strong><\/li>\n<\/ol>\n\n\n\n<p>K\u00fcndigungen, bzw. sonstige \u00c4nderungen des Mitgliederstatus sollten bis zum&nbsp;<strong>31. Oktober des Gesch\u00e4ftsjahres<\/strong>&nbsp;beim Verein schriftlich eingegangen sein, da sonst die K\u00fcndigung\/\u00c4nderung f\u00fcr das&nbsp;<strong>folgende<\/strong>&nbsp;Gesch\u00e4ftsjahr nicht mehr ber\u00fccksichtigt werden kann. Bei R\u00fcckbuchungen auf Grund unrichtiger Kontoangaben werden die anfallenden Geb\u00fchren in Rechnung gestellt.<\/p>\n\n\n\n<ol start=\"9\" class=\"wp-block-list\">\n<li><strong>Schnuppertraining<\/strong><\/li>\n<\/ol>\n\n\n\n<p>Jugendliche, die nicht Mitglied sind, haben die M\u00f6glichkeit am allgemeinen Jugendtraining teilzunehmen. Die Kosten hierf\u00fcr betragen\u00a0<strong>40\u00a0\u20ac pro Monat.\u00a0<\/strong>Vor Beginn ist das Kind anzumelden, Ansprechpartner ist der Trainer und\/oder der Jugendwart. Die Einstufung und Zuweisung zu einer Trainingsgruppe erfolgt durch den Trainer.<\/p>\n\n\n\n<p>Mannheim, Februar 2026<\/p>\n","protected":false},"excerpt":{"rendered":"<p>TC ROT-WEI\u00df WALDPARK e.V. MANNHEIM Merkblatt Familienbeitrag ( Eltern u. minderj\u00e4hrige Kinder ) 590,-\u20ac Ehe-\/Paare 480,-\u20ac Einzelmitgliedschaft 280,-\u20ac in Ausbildung (bis zum 27. Lebensjahr) 140,-\u20ac Jugendliche 85,-\u20ac passive Mitglieder 45,-\u20ac Ausw\u00e4rtige 77,-\u20ac Teilnahme am Jugendtraining (Freiluftsaison) 160,-\u20ac Die Platz- und Spielordnung regelt die Spielzeiten und die Benutzung der Anlage. Sie ist im Clubhaus ausgeh\u00e4ngt und&hellip;&nbsp;<a href=\"https:\/\/tcrww.club\/index.php\/merkblatt-wichtiges-auf-einen-blick\/\" rel=\"bookmark\">Read More &raquo;<span class=\"screen-reader-text\">Merkblatt (wichtiges auf einen Blick)<\/span><\/a><\/p>\n","protected":false},"author":4,"featured_media":0,"parent":0,"menu_order":0,"comment_status":"closed","ping_status":"closed","template":"","meta":{"neve_meta_sidebar":"","neve_meta_container":"","neve_meta_enable_content_width":"","neve_meta_content_width":0,"neve_meta_title_alignment":"","neve_meta_author_avatar":"","neve_post_elements_order":"","neve_meta_disable_header":"","neve_meta_disable_footer":"","neve_meta_disable_title":"","footnotes":""},"class_list":["post-113","page","type-page","status-publish","hentry"],"_links":{"self":[{"href":"https:\/\/tcrww.club\/index.php\/wp-json\/wp\/v2\/pages\/113","targetHints":{"allow":["GET"]}}],"collection":[{"href":"https:\/\/tcrww.club\/index.php\/wp-json\/wp\/v2\/pages"}],"about":[{"href":"https:\/\/tcrww.club\/index.php\/wp-json\/wp\/v2\/types\/page"}],"author":[{"embeddable":true,"href":"https:\/\/tcrww.club\/index.php\/wp-json\/wp\/v2\/users\/4"}],"replies":[{"embeddable":true,"href":"https:\/\/tcrww.club\/index.php\/wp-json\/wp\/v2\/comments?post=113"}],"version-history":[{"count":6,"href":"https:\/\/tcrww.club\/index.php\/wp-json\/wp\/v2\/pages\/113\/revisions"}],"predecessor-version":[{"id":613,"href":"https:\/\/tcrww.club\/index.php\/wp-json\/wp\/v2\/pages\/113\/revisions\/613"}],"wp:attachment":[{"href":"https:\/\/tcrww.club\/index.php\/wp-json\/wp\/v2\/media?parent=113"}],"curies":[{"name":"wp","href":"https:\/\/api.w.org\/{rel}","templated":true}]}}